{"id":39,"date":"2021-02-08T09:53:22","date_gmt":"2021-02-08T08:53:22","guid":{"rendered":"https:\/\/projetcy.wordpress.com\/?page_id=39"},"modified":"2026-03-11T08:52:08","modified_gmt":"2026-03-11T08:52:08","slug":"actualite","status":"publish","type":"page","link":"https:\/\/lesateliersdecybelleetcydark.fr\/wp\/actualite\/","title":{"rendered":"Actualit\u00e9s"},"content":{"rendered":"\n<div style=\"height:10px\" aria-hidden=\"true\" class=\"wp-block-spacer\"><\/div>\n\n\n\n<div style=\"height:25px\" aria-hidden=\"true\" class=\"wp-block-spacer\"><\/div>\n\n\n\n<h2 class=\"wp-block-heading has-text-align-center has-text-color has-link-color has-large-font-size wp-elements-8141c50568c9ed4c2cd991f418a8dab5\" style=\"color:#e5cb20\"><strong><em>Journ\u00e9es Europ\u00e9ennes des M\u00e9tiers d&rsquo;Art \u00e0 Malestroit<\/em><\/strong><\/h2>\n\n\n\n<div style=\"height:45px\" aria-hidden=\"true\" class=\"wp-block-spacer\"><\/div>\n\n\n\n<p class=\"has-text-align-center\">Retrouvez-nous le samedi 11 et le dimanche 12 Avril 2026 lors des JEMA \u00e0 Malestroit.<\/p>\n\n\n\n<div style=\"height:65px\" aria-hidden=\"true\" class=\"wp-block-spacer\"><\/div>\n\n\n\n<hr class=\"wp-block-separator has-text-color has-alpha-channel-opacity has-background is-style-wide\" style=\"background-color:#e5cb20;color:#e5cb20\"\/>\n\n\n\n<div style=\"height:35px\" aria-hidden=\"true\" class=\"wp-block-spacer\"><\/div>\n\n\n\n<h2 class=\"wp-block-heading has-text-align-center has-text-color has-link-color has-large-font-size wp-elements-79fadf6d11babd15dcde53613d8f1aed\" style=\"color:#e5cb20\"><strong><em>Salon \u00ab\u00a0C&rsquo;est 100% Breton\u00a0\u00bb<\/em><\/strong><\/h2>\n\n\n\n<div style=\"height:45px\" aria-hidden=\"true\" class=\"wp-block-spacer\"><\/div>\n\n\n\n<p class=\"has-text-align-center\">Nous vous donnons rendez- vous le samedi 18 et le dimanche 19 Avril 2026, au Chorus de Vannes.<\/p>\n\n\n\n<p><\/p>\n","protected":false},"excerpt":{"rendered":"<p>Journ\u00e9es Europ\u00e9ennes des M\u00e9tiers d&rsquo;Art \u00e0 Malestroit Retrouvez-nous le samedi 11 et le dimanche 12 Avril 2026 lors des JEMA \u00e0 Malestroit. Salon \u00ab\u00a0C&rsquo;est 100% Breton\u00a0\u00bb Nous vous donnons rendez- vous le samedi 18 et le dimanche 19 Avril 2026, au Chorus de Vannes.<\/p>\n","protected":false},"author":2,"featured_media":0,"parent":0,"menu_order":0,"comment_status":"closed","ping_status":"closed","template":"","meta":{"_monsterinsights_skip_tracking":false,"_monsterinsights_sitenote_active":false,"_monsterinsights_sitenote_note":"","_monsterinsights_sitenote_category":0,"footnotes":""},"class_list":["post-39","page","type-page","status-publish","hentry"],"yoast_head":"<!-- This site is optimized with the Yoast SEO plugin v27.4 - https:\/\/yoast.com\/product\/yoast-seo-wordpress\/ -->\n<title>Actualit\u00e9s -<\/title>\n<meta name=\"description\" content=\"A vos agendas ! Suivez notre actualit\u00e9 pour nous rencontrer via les diff\u00e9rents march\u00e9s, expositions et salons.\" \/>\n<meta name=\"robots\" content=\"index, follow, max-snippet:-1, max-image-preview:large, max-video-preview:-1\" \/>\n<link rel=\"canonical\" href=\"https:\/\/lesateliersdecybelleetcydark.fr\/wp\/actualite\/\" \/>\n<meta property=\"og:locale\" content=\"fr_FR\" \/>\n<meta property=\"og:type\" content=\"article\" \/>\n<meta property=\"og:title\" content=\"Actualit\u00e9s -\" \/>\n<meta property=\"og:description\" content=\"A vos agendas ! Suivez notre actualit\u00e9 pour nous rencontrer via les diff\u00e9rents march\u00e9s, expositions et salons.\" \/>\n<meta property=\"og:url\" content=\"https:\/\/lesateliersdecybelleetcydark.fr\/wp\/actualite\/\" \/>\n<meta property=\"article:modified_time\" content=\"2026-03-11T08:52:08+00:00\" \/>\n<meta name=\"twitter:card\" content=\"summary_large_image\" \/>\n<meta name=\"twitter:label1\" content=\"Dur\u00e9e de lecture estim\u00e9e\" \/>\n\t<meta name=\"twitter:data1\" content=\"1 minute\" \/>\n<script type=\"application\/ld+json\" class=\"yoast-schema-graph\">{\"@context\":\"https:\\\/\\\/schema.org\",\"@graph\":[{\"@type\":\"WebPage\",\"@id\":\"https:\\\/\\\/lesateliersdecybelleetcydark.fr\\\/wp\\\/actualite\\\/\",\"url\":\"https:\\\/\\\/lesateliersdecybelleetcydark.fr\\\/wp\\\/actualite\\\/\",\"name\":\"Actualit\u00e9s -\",\"isPartOf\":{\"@id\":\"https:\\\/\\\/lesateliersdecybelleetcydark.fr\\\/wp\\\/#website\"},\"datePublished\":\"2021-02-08T08:53:22+00:00\",\"dateModified\":\"2026-03-11T08:52:08+00:00\",\"description\":\"A vos agendas ! Suivez notre actualit\u00e9 pour nous rencontrer via les diff\u00e9rents march\u00e9s, expositions et salons.\",\"breadcrumb\":{\"@id\":\"https:\\\/\\\/lesateliersdecybelleetcydark.fr\\\/wp\\\/actualite\\\/#breadcrumb\"},\"inLanguage\":\"fr-FR\",\"potentialAction\":[{\"@type\":\"ReadAction\",\"target\":[\"https:\\\/\\\/lesateliersdecybelleetcydark.fr\\\/wp\\\/actualite\\\/\"]}]},{\"@type\":\"BreadcrumbList\",\"@id\":\"https:\\\/\\\/lesateliersdecybelleetcydark.fr\\\/wp\\\/actualite\\\/#breadcrumb\",\"itemListElement\":[{\"@type\":\"ListItem\",\"position\":1,\"name\":\"Accueil\",\"item\":\"https:\\\/\\\/lesateliersdecybelleetcydark.fr\\\/wp\\\/\"},{\"@type\":\"ListItem\",\"position\":2,\"name\":\"Actualit\u00e9s\"}]},{\"@type\":\"WebSite\",\"@id\":\"https:\\\/\\\/lesateliersdecybelleetcydark.fr\\\/wp\\\/#website\",\"url\":\"https:\\\/\\\/lesateliersdecybelleetcydark.fr\\\/wp\\\/\",\"name\":\"\",\"description\":\"Confection et cr\u00e9ation Ameublement et Habillement. Retrouvez nos collections !\",\"potentialAction\":[{\"@type\":\"SearchAction\",\"target\":{\"@type\":\"EntryPoint\",\"urlTemplate\":\"https:\\\/\\\/lesateliersdecybelleetcydark.fr\\\/wp\\\/?s={search_term_string}\"},\"query-input\":{\"@type\":\"PropertyValueSpecification\",\"valueRequired\":true,\"valueName\":\"search_term_string\"}}],\"inLanguage\":\"fr-FR\"}]}<\/script>\n<!-- \/ Yoast SEO plugin. -->","yoast_head_json":{"title":"Actualit\u00e9s -","description":"A vos agendas ! Suivez notre actualit\u00e9 pour nous rencontrer via les diff\u00e9rents march\u00e9s, expositions et salons.","robots":{"index":"index","follow":"follow","max-snippet":"max-snippet:-1","max-image-preview":"max-image-preview:large","max-video-preview":"max-video-preview:-1"},"canonical":"https:\/\/lesateliersdecybelleetcydark.fr\/wp\/actualite\/","og_locale":"fr_FR","og_type":"article","og_title":"Actualit\u00e9s -","og_description":"A vos agendas ! Suivez notre actualit\u00e9 pour nous rencontrer via les diff\u00e9rents march\u00e9s, expositions et salons.","og_url":"https:\/\/lesateliersdecybelleetcydark.fr\/wp\/actualite\/","article_modified_time":"2026-03-11T08:52:08+00:00","twitter_card":"summary_large_image","twitter_misc":{"Dur\u00e9e de lecture estim\u00e9e":"1 minute"},"schema":{"@context":"https:\/\/schema.org","@graph":[{"@type":"WebPage","@id":"https:\/\/lesateliersdecybelleetcydark.fr\/wp\/actualite\/","url":"https:\/\/lesateliersdecybelleetcydark.fr\/wp\/actualite\/","name":"Actualit\u00e9s -","isPartOf":{"@id":"https:\/\/lesateliersdecybelleetcydark.fr\/wp\/#website"},"datePublished":"2021-02-08T08:53:22+00:00","dateModified":"2026-03-11T08:52:08+00:00","description":"A vos agendas ! Suivez notre actualit\u00e9 pour nous rencontrer via les diff\u00e9rents march\u00e9s, expositions et salons.","breadcrumb":{"@id":"https:\/\/lesateliersdecybelleetcydark.fr\/wp\/actualite\/#breadcrumb"},"inLanguage":"fr-FR","potentialAction":[{"@type":"ReadAction","target":["https:\/\/lesateliersdecybelleetcydark.fr\/wp\/actualite\/"]}]},{"@type":"BreadcrumbList","@id":"https:\/\/lesateliersdecybelleetcydark.fr\/wp\/actualite\/#breadcrumb","itemListElement":[{"@type":"ListItem","position":1,"name":"Accueil","item":"https:\/\/lesateliersdecybelleetcydark.fr\/wp\/"},{"@type":"ListItem","position":2,"name":"Actualit\u00e9s"}]},{"@type":"WebSite","@id":"https:\/\/lesateliersdecybelleetcydark.fr\/wp\/#website","url":"https:\/\/lesateliersdecybelleetcydark.fr\/wp\/","name":"","description":"Confection et cr\u00e9ation Ameublement et Habillement. Retrouvez nos collections !","potentialAction":[{"@type":"SearchAction","target":{"@type":"EntryPoint","urlTemplate":"https:\/\/lesateliersdecybelleetcydark.fr\/wp\/?s={search_term_string}"},"query-input":{"@type":"PropertyValueSpecification","valueRequired":true,"valueName":"search_term_string"}}],"inLanguage":"fr-FR"}]}},"jetpack_sharing_enabled":true,"_links":{"self":[{"href":"https:\/\/lesateliersdecybelleetcydark.fr\/wp\/wp-json\/wp\/v2\/pages\/39","targetHints":{"allow":["GET"]}}],"collection":[{"href":"https:\/\/lesateliersdecybelleetcydark.fr\/wp\/wp-json\/wp\/v2\/pages"}],"about":[{"href":"https:\/\/lesateliersdecybelleetcydark.fr\/wp\/wp-json\/wp\/v2\/types\/page"}],"author":[{"embeddable":true,"href":"https:\/\/lesateliersdecybelleetcydark.fr\/wp\/wp-json\/wp\/v2\/users\/2"}],"replies":[{"embeddable":true,"href":"https:\/\/lesateliersdecybelleetcydark.fr\/wp\/wp-json\/wp\/v2\/comments?post=39"}],"version-history":[{"count":45,"href":"https:\/\/lesateliersdecybelleetcydark.fr\/wp\/wp-json\/wp\/v2\/pages\/39\/revisions"}],"predecessor-version":[{"id":5778,"href":"https:\/\/lesateliersdecybelleetcydark.fr\/wp\/wp-json\/wp\/v2\/pages\/39\/revisions\/5778"}],"wp:attachment":[{"href":"https:\/\/lesateliersdecybelleetcydark.fr\/wp\/wp-json\/wp\/v2\/media?parent=39"}],"curies":[{"name":"wp","href":"https:\/\/api.w.org\/{rel}","templated":true}]}}