{"id":2897,"date":"2021-11-16T14:59:25","date_gmt":"2021-11-16T14:59:25","guid":{"rendered":"https:\/\/lesateliersdecybelleetcydark.fr\/wp\/?page_id=2897"},"modified":"2024-03-22T10:43:08","modified_gmt":"2024-03-22T10:43:08","slug":"hc-pdccs0002-set-de-table-pompinell","status":"publish","type":"page","link":"https:\/\/lesateliersdecybelleetcydark.fr\/wp\/hc-pdccs0002-set-de-table-pompinell\/","title":{"rendered":"Set de table Pompinell"},"content":{"rendered":"\n<div class=\"wp-block-jetpack-layout-grid alignfull column1-desktop-grid__span-6 column1-desktop-grid__row-1 column2-desktop-grid__span-6 column2-desktop-grid__start-7 column2-desktop-grid__row-1 column1-tablet-grid__span-4 column1-tablet-grid__row-1 column2-tablet-grid__span-4 column2-tablet-grid__start-5 column2-tablet-grid__row-1 column1-mobile-grid__span-4 column1-mobile-grid__row-1 column2-mobile-grid__span-4 column2-mobile-grid__row-2 wp-block-jetpack-layout-gutter__huge\">\n<div class=\"wp-block-jetpack-layout-grid-column wp-block-jetpack-layout-grid__padding-none is-vertically-aligned-center\">\n<div class=\"wp-block-jetpack-tiled-gallery aligncenter is-style-rectangular has-rounded-corners-12\"><div class=\"tiled-gallery__gallery\"><div class=\"tiled-gallery__row\"><div class=\"tiled-gallery__col\" style=\"flex-basis:50.00000%\"><figure class=\"tiled-gallery__item\"><a href=\"https:\/\/i1.wp.com\/lesateliersdecybelleetcydark.fr\/wp\/wp-content\/uploads\/2021\/11\/Set-de-table-Pompinell-presentation-1024x685.jpg?ssl=1\"><img decoding=\"async\" srcset=\"https:\/\/i1.wp.com\/lesateliersdecybelleetcydark.fr\/wp\/wp-content\/uploads\/2021\/11\/Set-de-table-Pompinell-presentation-1024x685.jpg?strip=info&#038;w=600&#038;ssl=1 600w,https:\/\/i1.wp.com\/lesateliersdecybelleetcydark.fr\/wp\/wp-content\/uploads\/2021\/11\/Set-de-table-Pompinell-presentation-1024x685.jpg?strip=info&#038;w=900&#038;ssl=1 900w,https:\/\/i1.wp.com\/lesateliersdecybelleetcydark.fr\/wp\/wp-content\/uploads\/2021\/11\/Set-de-table-Pompinell-presentation-1024x685.jpg?strip=info&#038;w=1200&#038;ssl=1 1200w,https:\/\/i1.wp.com\/lesateliersdecybelleetcydark.fr\/wp\/wp-content\/uploads\/2021\/11\/Set-de-table-Pompinell-presentation-1024x685.jpg?strip=info&#038;w=1500&#038;ssl=1 1500w,https:\/\/i1.wp.com\/lesateliersdecybelleetcydark.fr\/wp\/wp-content\/uploads\/2021\/11\/Set-de-table-Pompinell-presentation-1024x685.jpg?strip=info&#038;w=1800&#038;ssl=1 1800w,https:\/\/i1.wp.com\/lesateliersdecybelleetcydark.fr\/wp\/wp-content\/uploads\/2021\/11\/Set-de-table-Pompinell-presentation-1024x685.jpg?strip=info&#038;w=2000&#038;ssl=1 2000w\" alt=\"\" data-height=\"1712\" data-id=\"2878\" data-link=\"https:\/\/lesateliersdecybelleetcydark.fr\/wp\/set-de-table-pompinell-presentation\/\" data-url=\"https:\/\/lesateliersdecybelleetcydark.fr\/wp\/wp-content\/uploads\/2021\/11\/Set-de-table-Pompinell-presentation-1024x685.jpg\" data-width=\"2560\" src=\"https:\/\/i1.wp.com\/lesateliersdecybelleetcydark.fr\/wp\/wp-content\/uploads\/2021\/11\/Set-de-table-Pompinell-presentation-1024x685.jpg?ssl=1\" data-amp-layout=\"responsive\"\/><\/a><\/figure><\/div><div class=\"tiled-gallery__col\" style=\"flex-basis:50.00000%\"><figure class=\"tiled-gallery__item\"><a href=\"https:\/\/i1.wp.com\/lesateliersdecybelleetcydark.fr\/wp\/wp-content\/uploads\/2021\/11\/Set-de-table-Pompinell-zoom-1024x685.jpg?ssl=1\"><img decoding=\"async\" srcset=\"https:\/\/i1.wp.com\/lesateliersdecybelleetcydark.fr\/wp\/wp-content\/uploads\/2021\/11\/Set-de-table-Pompinell-zoom-1024x685.jpg?strip=info&#038;w=600&#038;ssl=1 600w,https:\/\/i1.wp.com\/lesateliersdecybelleetcydark.fr\/wp\/wp-content\/uploads\/2021\/11\/Set-de-table-Pompinell-zoom-1024x685.jpg?strip=info&#038;w=900&#038;ssl=1 900w,https:\/\/i1.wp.com\/lesateliersdecybelleetcydark.fr\/wp\/wp-content\/uploads\/2021\/11\/Set-de-table-Pompinell-zoom-1024x685.jpg?strip=info&#038;w=1200&#038;ssl=1 1200w,https:\/\/i1.wp.com\/lesateliersdecybelleetcydark.fr\/wp\/wp-content\/uploads\/2021\/11\/Set-de-table-Pompinell-zoom-1024x685.jpg?strip=info&#038;w=1500&#038;ssl=1 1500w,https:\/\/i1.wp.com\/lesateliersdecybelleetcydark.fr\/wp\/wp-content\/uploads\/2021\/11\/Set-de-table-Pompinell-zoom-1024x685.jpg?strip=info&#038;w=1800&#038;ssl=1 1800w,https:\/\/i1.wp.com\/lesateliersdecybelleetcydark.fr\/wp\/wp-content\/uploads\/2021\/11\/Set-de-table-Pompinell-zoom-1024x685.jpg?strip=info&#038;w=2000&#038;ssl=1 2000w\" alt=\"\" data-height=\"1712\" data-id=\"2880\" data-link=\"https:\/\/lesateliersdecybelleetcydark.fr\/wp\/set-de-table-pompinell-zoom\/\" data-url=\"https:\/\/lesateliersdecybelleetcydark.fr\/wp\/wp-content\/uploads\/2021\/11\/Set-de-table-Pompinell-zoom-1024x685.jpg\" data-width=\"2560\" src=\"https:\/\/i1.wp.com\/lesateliersdecybelleetcydark.fr\/wp\/wp-content\/uploads\/2021\/11\/Set-de-table-Pompinell-zoom-1024x685.jpg?ssl=1\" data-amp-layout=\"responsive\"\/><\/a><\/figure><\/div><\/div><\/div><\/div>\n<\/div>\n\n\n\n<div class=\"wp-block-jetpack-layout-grid-column wp-block-jetpack-layout-grid__padding-none\">\n<div class=\"wp-block-columns is-layout-flex wp-container-core-columns-is-layout-28f84493 wp-block-columns-is-layout-flex\">\n<div class=\"wp-block-column is-layout-flow wp-block-column-is-layout-flow\" style=\"flex-basis:100%\">\n<h2 class=\"has-text-align-center has-large-font-size wp-block-heading\"><span style=\"text-decoration: underline;\">Set de table Pompinell<\/span><br>15 \u20ac le set<\/h2>\n\n\n\n<p style=\"font-size:14px\">Le <strong>set de table pompinell<\/strong> apportera toujours une touche d\u2019<strong>\u00e9l\u00e9gance<\/strong> \u00e0 votre table. <br>On aime l\u2019association du li\u00e8ge et du noir, la <strong>parfaite harmonie<\/strong>.<br><br><span style=\"text-decoration: underline;\">Description produit<\/span>:<br>Dimension du set de table : 45\/30.<br>Le recto est en li\u00e8ge l\u00e9g\u00e8rement paillet\u00e9. Poche\/range couvert 100% coton noir.<br>Le verso est en tissu 100% coton noir.<br><br><span style=\"text-decoration: underline;\">Entretien<\/span> :  Laver avec une \u00e9ponge humide, pas de s\u00e8che linge, pas de repassage, ne pas utiliser un agent blanchisant.  <\/p>\n<\/div>\n<\/div>\n\n\n\n<div class=\"wp-block-buttons is-layout-flex wp-block-buttons-is-layout-flex\">\n<div class=\"wp-block-button has-custom-width wp-block-button__width-100 is-style-fill\"><a class=\"wp-block-button__link has-background-color has-foreground-background-color has-text-color has-background\" href=\"https:\/\/lesateliersdecybelleetcydark.fr\/wp\/?page_id=3203\"> Ajouter \u00e0 mon Panier  <\/a><\/div>\n<\/div>\n<\/div>\n<\/div>\n\n\n\n<div style=\"height:100px\" aria-hidden=\"true\" class=\"wp-block-spacer\"><\/div>\n\n\n\n<div class=\"wp-block-cover alignfull has-foreground-background-color has-background-dim has-parallax\" style=\"background-image:url(https:\/\/lesateliersdecybelleetcydark.fr\/wp\/wp-content\/uploads\/2021\/11\/Banderole-gamme-Pompinell-scaled.jpg);min-height:171px;aspect-ratio:unset;\"><div class=\"wp-block-cover__inner-container is-layout-flow wp-block-cover-is-layout-flow\">\n<p class=\"has-text-align-center has-huge-font-size\"><strong><em><span style=\"text-decoration: underline;\">Gamme Pompinell<\/span><\/em><\/strong><\/p>\n<\/div><\/div>\n\n\n\n<div style=\"height:100px\" aria-hidden=\"true\" class=\"wp-block-spacer\"><\/div>\n\n\n\n<h2 class=\"has-text-align-center wp-block-heading\">Vous aimerez aussi :<\/h2>\n\n\n\n<div class=\"wp-block-jetpack-layout-grid alignfull column1-desktop-grid__span-4 column1-desktop-grid__row-1 column2-desktop-grid__span-4 column2-desktop-grid__start-5 column2-desktop-grid__row-1 column3-desktop-grid__span-4 column3-desktop-grid__start-9 column3-desktop-grid__row-1 column1-tablet-grid__span-4 column1-tablet-grid__row-1 column2-tablet-grid__span-4 column2-tablet-grid__start-5 column2-tablet-grid__row-1 column3-tablet-grid__span-8 column3-tablet-grid__row-2 column1-mobile-grid__span-4 column1-mobile-grid__row-1 column2-mobile-grid__span-4 column2-mobile-grid__row-2 column3-mobile-grid__span-4 column3-mobile-grid__row-3\">\n<div class=\"wp-block-jetpack-layout-grid-column wp-block-jetpack-layout-grid__padding-none\"><a class=\"iheg-wrapper\" href=\"https:\/\/lesateliersdecybelleetcydark.fr\/wp\/?page_id=2907\"  rel=\"nofollow\"><div class=\"eihe-box eihe-fade\" style=\"background: rgba(0,0,0,0.4);border-radius:0px 0px 0px 0px;\"><img decoding=\"async\" src=\"https:\/\/lesateliersdecybelleetcydark.fr\/wp\/wp-content\/uploads\/2021\/11\/Set-de-table-DU-chic-presentation-scaled.jpg\" alt=\"\"\/><div class=\"eihe-caption\" style=\"background: rgba(0,0,0,0.4);\"><div class=\"eihe-title-cover\"><h3 style=\"font-family: Tangerine;font-size: 55px;line-height: 55px;\" class=\"eihe-title\">Set de table<br>DU Chic<\/h3>\t<\/div><p style=\"font-family: Tangerine;font-size: 70px;line-height: 15px;\"><br>15 \u20ac<\/p><\/div><\/div><\/a><\/div>\n\n\n\n<div class=\"wp-block-jetpack-layout-grid-column wp-block-jetpack-layout-grid__padding-none\"><a class=\"iheg-wrapper\" href=\"https:\/\/lesateliersdecybelleetcydark.fr\/wp\/?page_id=2911\"  rel=\"nofollow\"><div class=\"eihe-box eihe-shutter-in-vert\" style=\"background: rgba(0,0,0,0.4);border-radius:0px 0px 0px 0px;\"><img decoding=\"async\" src=\"https:\/\/lesateliersdecybelleetcydark.fr\/wp\/wp-content\/uploads\/2021\/11\/Chemin-de-table-Pompinell-presentation-scaled.jpg\" alt=\"\"\/><div class=\"eihe-caption\" style=\"background: rgba(0,0,0,0.4);\"><div class=\"eihe-title-cover\"><h3 style=\"font-family: Tangerine;font-size: 55px;line-height: 55px;\" class=\"eihe-title\">Chemin de table <br>Pompinell<\/h3>\t<\/div><p style=\"font-family: Tangerine;font-size: 70px;line-height: 15px;\"><br> 25 \u20ac<\/p><\/div><\/div><\/a><\/div>\n\n\n\n<div class=\"wp-block-jetpack-layout-grid-column wp-block-jetpack-layout-grid__padding-none\"><a class=\"iheg-wrapper\" href=\"https:\/\/lesateliersdecybelleetcydark.fr\/wp\/?page_id=2902\"  rel=\"nofollow\"><div class=\"eihe-box eihe-fade\" style=\"background: rgba(0,0,0,0.4);border-radius:0px 0px 0px 0px;\"><img decoding=\"async\" src=\"https:\/\/lesateliersdecybelleetcydark.fr\/wp\/wp-content\/uploads\/2021\/11\/Set-de-table-Blizidik-presentation-scaled.jpg\" alt=\"\"\/><div class=\"eihe-caption\" style=\"background: rgba(0,0,0,0.4);\"><div class=\"eihe-title-cover\"><h3 style=\"font-family: Tangerine;font-size: 55px;line-height: 55px;\" class=\"eihe-title\">Set de table<br>Blizidik<\/h3>\t<\/div><p style=\"font-family: Tangerine;font-size: 70px;line-height: 15px;\"><br> 15 \u20ac<\/p><\/div><\/div><\/a>\n\n\n<p><\/p>\n<\/div>\n<\/div>\n\n\n\n<p><\/p>\n","protected":false},"excerpt":{"rendered":"<p>Set de table Pompinell15 \u20ac le set Le set de table pompinell apportera toujours une touche d\u2019\u00e9l\u00e9gance \u00e0 votre table. On aime l\u2019association du li\u00e8ge et du noir, la parfaite harmonie. Description produit:Dimension du set de table : 45\/30.Le recto est en li\u00e8ge l\u00e9g\u00e8rement paillet\u00e9. Poche\/range couvert 100% coton noir.Le verso est en tissu 100% coton noir. Entretien : Laver avec une \u00e9ponge humide, pas de s\u00e8che linge, pas de repassage, ne pas utiliser un agent blanchisant. Vous aimerez aussi :<\/p>\n","protected":false},"author":1,"featured_media":0,"parent":0,"menu_order":0,"comment_status":"closed","ping_status":"closed","template":"","meta":{"_monsterinsights_skip_tracking":false,"_monsterinsights_sitenote_active":false,"_monsterinsights_sitenote_note":"","_monsterinsights_sitenote_category":0,"footnotes":""},"class_list":["post-2897","page","type-page","status-publish","hentry"],"yoast_head":"<!-- This site is optimized with the Yoast SEO plugin v27.5 - https:\/\/yoast.com\/product\/yoast-seo-wordpress\/ -->\n<title>Set de table Pompinell -<\/title>\n<meta name=\"robots\" content=\"index, follow, max-snippet:-1, max-image-preview:large, max-video-preview:-1\" \/>\n<link rel=\"canonical\" href=\"https:\/\/lesateliersdecybelleetcydark.fr\/wp\/hc-pdccs0002-set-de-table-pompinell\/\" \/>\n<meta property=\"og:locale\" content=\"fr_FR\" \/>\n<meta property=\"og:type\" content=\"article\" \/>\n<meta property=\"og:title\" content=\"Set de table Pompinell -\" \/>\n<meta property=\"og:description\" content=\"Set de table Pompinell15 \u20ac le set Le set de table pompinell apportera toujours une touche d\u2019\u00e9l\u00e9gance \u00e0 votre table. On aime l\u2019association du li\u00e8ge et du noir, la parfaite harmonie. Description produit:Dimension du set de table : 45\/30.Le recto est en li\u00e8ge l\u00e9g\u00e8rement paillet\u00e9. Poche\/range couvert 100% coton noir.Le verso est en tissu 100% coton noir. Entretien : Laver avec une \u00e9ponge humide, pas de s\u00e8che linge, pas de repassage, ne pas utiliser un agent blanchisant. Vous aimerez aussi :\" \/>\n<meta property=\"og:url\" content=\"https:\/\/lesateliersdecybelleetcydark.fr\/wp\/hc-pdccs0002-set-de-table-pompinell\/\" \/>\n<meta property=\"article:modified_time\" content=\"2024-03-22T10:43:08+00:00\" \/>\n<meta property=\"og:image\" content=\"https:\/\/i1.wp.com\/lesateliersdecybelleetcydark.fr\/wp\/wp-content\/uploads\/2021\/11\/Set-de-table-Pompinell-presentation-1024x685.jpg?ssl=1\" \/>\n<meta name=\"twitter:card\" content=\"summary_large_image\" \/>\n<meta name=\"twitter:label1\" content=\"Dur\u00e9e de lecture estim\u00e9e\" \/>\n\t<meta name=\"twitter:data1\" content=\"1 minute\" \/>\n<script type=\"application\/ld+json\" class=\"yoast-schema-graph\">{\"@context\":\"https:\\\/\\\/schema.org\",\"@graph\":[{\"@type\":\"WebPage\",\"@id\":\"https:\\\/\\\/lesateliersdecybelleetcydark.fr\\\/wp\\\/hc-pdccs0002-set-de-table-pompinell\\\/\",\"url\":\"https:\\\/\\\/lesateliersdecybelleetcydark.fr\\\/wp\\\/hc-pdccs0002-set-de-table-pompinell\\\/\",\"name\":\"Set de table Pompinell -\",\"isPartOf\":{\"@id\":\"https:\\\/\\\/lesateliersdecybelleetcydark.fr\\\/wp\\\/#website\"},\"primaryImageOfPage\":{\"@id\":\"https:\\\/\\\/lesateliersdecybelleetcydark.fr\\\/wp\\\/hc-pdccs0002-set-de-table-pompinell\\\/#primaryimage\"},\"image\":{\"@id\":\"https:\\\/\\\/lesateliersdecybelleetcydark.fr\\\/wp\\\/hc-pdccs0002-set-de-table-pompinell\\\/#primaryimage\"},\"thumbnailUrl\":\"https:\\\/\\\/i1.wp.com\\\/lesateliersdecybelleetcydark.fr\\\/wp\\\/wp-content\\\/uploads\\\/2021\\\/11\\\/Set-de-table-Pompinell-presentation-1024x685.jpg?ssl=1\",\"datePublished\":\"2021-11-16T14:59:25+00:00\",\"dateModified\":\"2024-03-22T10:43:08+00:00\",\"breadcrumb\":{\"@id\":\"https:\\\/\\\/lesateliersdecybelleetcydark.fr\\\/wp\\\/hc-pdccs0002-set-de-table-pompinell\\\/#breadcrumb\"},\"inLanguage\":\"fr-FR\",\"potentialAction\":[{\"@type\":\"ReadAction\",\"target\":[\"https:\\\/\\\/lesateliersdecybelleetcydark.fr\\\/wp\\\/hc-pdccs0002-set-de-table-pompinell\\\/\"]}]},{\"@type\":\"ImageObject\",\"inLanguage\":\"fr-FR\",\"@id\":\"https:\\\/\\\/lesateliersdecybelleetcydark.fr\\\/wp\\\/hc-pdccs0002-set-de-table-pompinell\\\/#primaryimage\",\"url\":\"https:\\\/\\\/i1.wp.com\\\/lesateliersdecybelleetcydark.fr\\\/wp\\\/wp-content\\\/uploads\\\/2021\\\/11\\\/Set-de-table-Pompinell-presentation-1024x685.jpg?ssl=1\",\"contentUrl\":\"https:\\\/\\\/i1.wp.com\\\/lesateliersdecybelleetcydark.fr\\\/wp\\\/wp-content\\\/uploads\\\/2021\\\/11\\\/Set-de-table-Pompinell-presentation-1024x685.jpg?ssl=1\"},{\"@type\":\"BreadcrumbList\",\"@id\":\"https:\\\/\\\/lesateliersdecybelleetcydark.fr\\\/wp\\\/hc-pdccs0002-set-de-table-pompinell\\\/#breadcrumb\",\"itemListElement\":[{\"@type\":\"ListItem\",\"position\":1,\"name\":\"Accueil\",\"item\":\"https:\\\/\\\/lesateliersdecybelleetcydark.fr\\\/wp\\\/\"},{\"@type\":\"ListItem\",\"position\":2,\"name\":\"Set de table Pompinell\"}]},{\"@type\":\"WebSite\",\"@id\":\"https:\\\/\\\/lesateliersdecybelleetcydark.fr\\\/wp\\\/#website\",\"url\":\"https:\\\/\\\/lesateliersdecybelleetcydark.fr\\\/wp\\\/\",\"name\":\"\",\"description\":\"Confection et cr\u00e9ation Ameublement et Habillement. Retrouvez nos collections !\",\"potentialAction\":[{\"@type\":\"SearchAction\",\"target\":{\"@type\":\"EntryPoint\",\"urlTemplate\":\"https:\\\/\\\/lesateliersdecybelleetcydark.fr\\\/wp\\\/?s={search_term_string}\"},\"query-input\":{\"@type\":\"PropertyValueSpecification\",\"valueRequired\":true,\"valueName\":\"search_term_string\"}}],\"inLanguage\":\"fr-FR\"}]}<\/script>\n<!-- \/ Yoast SEO plugin. -->","yoast_head_json":{"title":"Set de table Pompinell -","robots":{"index":"index","follow":"follow","max-snippet":"max-snippet:-1","max-image-preview":"max-image-preview:large","max-video-preview":"max-video-preview:-1"},"canonical":"https:\/\/lesateliersdecybelleetcydark.fr\/wp\/hc-pdccs0002-set-de-table-pompinell\/","og_locale":"fr_FR","og_type":"article","og_title":"Set de table Pompinell -","og_description":"Set de table Pompinell15 \u20ac le set Le set de table pompinell apportera toujours une touche d\u2019\u00e9l\u00e9gance \u00e0 votre table. On aime l\u2019association du li\u00e8ge et du noir, la parfaite harmonie. Description produit:Dimension du set de table : 45\/30.Le recto est en li\u00e8ge l\u00e9g\u00e8rement paillet\u00e9. Poche\/range couvert 100% coton noir.Le verso est en tissu 100% coton noir. Entretien : Laver avec une \u00e9ponge humide, pas de s\u00e8che linge, pas de repassage, ne pas utiliser un agent blanchisant. Vous aimerez aussi :","og_url":"https:\/\/lesateliersdecybelleetcydark.fr\/wp\/hc-pdccs0002-set-de-table-pompinell\/","article_modified_time":"2024-03-22T10:43:08+00:00","og_image":[{"url":"https:\/\/i1.wp.com\/lesateliersdecybelleetcydark.fr\/wp\/wp-content\/uploads\/2021\/11\/Set-de-table-Pompinell-presentation-1024x685.jpg?ssl=1","type":"","width":"","height":""}],"twitter_card":"summary_large_image","twitter_misc":{"Dur\u00e9e de lecture estim\u00e9e":"1 minute"},"schema":{"@context":"https:\/\/schema.org","@graph":[{"@type":"WebPage","@id":"https:\/\/lesateliersdecybelleetcydark.fr\/wp\/hc-pdccs0002-set-de-table-pompinell\/","url":"https:\/\/lesateliersdecybelleetcydark.fr\/wp\/hc-pdccs0002-set-de-table-pompinell\/","name":"Set de table Pompinell -","isPartOf":{"@id":"https:\/\/lesateliersdecybelleetcydark.fr\/wp\/#website"},"primaryImageOfPage":{"@id":"https:\/\/lesateliersdecybelleetcydark.fr\/wp\/hc-pdccs0002-set-de-table-pompinell\/#primaryimage"},"image":{"@id":"https:\/\/lesateliersdecybelleetcydark.fr\/wp\/hc-pdccs0002-set-de-table-pompinell\/#primaryimage"},"thumbnailUrl":"https:\/\/i1.wp.com\/lesateliersdecybelleetcydark.fr\/wp\/wp-content\/uploads\/2021\/11\/Set-de-table-Pompinell-presentation-1024x685.jpg?ssl=1","datePublished":"2021-11-16T14:59:25+00:00","dateModified":"2024-03-22T10:43:08+00:00","breadcrumb":{"@id":"https:\/\/lesateliersdecybelleetcydark.fr\/wp\/hc-pdccs0002-set-de-table-pompinell\/#breadcrumb"},"inLanguage":"fr-FR","potentialAction":[{"@type":"ReadAction","target":["https:\/\/lesateliersdecybelleetcydark.fr\/wp\/hc-pdccs0002-set-de-table-pompinell\/"]}]},{"@type":"ImageObject","inLanguage":"fr-FR","@id":"https:\/\/lesateliersdecybelleetcydark.fr\/wp\/hc-pdccs0002-set-de-table-pompinell\/#primaryimage","url":"https:\/\/i1.wp.com\/lesateliersdecybelleetcydark.fr\/wp\/wp-content\/uploads\/2021\/11\/Set-de-table-Pompinell-presentation-1024x685.jpg?ssl=1","contentUrl":"https:\/\/i1.wp.com\/lesateliersdecybelleetcydark.fr\/wp\/wp-content\/uploads\/2021\/11\/Set-de-table-Pompinell-presentation-1024x685.jpg?ssl=1"},{"@type":"BreadcrumbList","@id":"https:\/\/lesateliersdecybelleetcydark.fr\/wp\/hc-pdccs0002-set-de-table-pompinell\/#breadcrumb","itemListElement":[{"@type":"ListItem","position":1,"name":"Accueil","item":"https:\/\/lesateliersdecybelleetcydark.fr\/wp\/"},{"@type":"ListItem","position":2,"name":"Set de table Pompinell"}]},{"@type":"WebSite","@id":"https:\/\/lesateliersdecybelleetcydark.fr\/wp\/#website","url":"https:\/\/lesateliersdecybelleetcydark.fr\/wp\/","name":"","description":"Confection et cr\u00e9ation Ameublement et Habillement. Retrouvez nos collections !","potentialAction":[{"@type":"SearchAction","target":{"@type":"EntryPoint","urlTemplate":"https:\/\/lesateliersdecybelleetcydark.fr\/wp\/?s={search_term_string}"},"query-input":{"@type":"PropertyValueSpecification","valueRequired":true,"valueName":"search_term_string"}}],"inLanguage":"fr-FR"}]}},"jetpack_sharing_enabled":true,"_links":{"self":[{"href":"https:\/\/lesateliersdecybelleetcydark.fr\/wp\/wp-json\/wp\/v2\/pages\/2897","targetHints":{"allow":["GET"]}}],"collection":[{"href":"https:\/\/lesateliersdecybelleetcydark.fr\/wp\/wp-json\/wp\/v2\/pages"}],"about":[{"href":"https:\/\/lesateliersdecybelleetcydark.fr\/wp\/wp-json\/wp\/v2\/types\/page"}],"author":[{"embeddable":true,"href":"https:\/\/lesateliersdecybelleetcydark.fr\/wp\/wp-json\/wp\/v2\/users\/1"}],"replies":[{"embeddable":true,"href":"https:\/\/lesateliersdecybelleetcydark.fr\/wp\/wp-json\/wp\/v2\/comments?post=2897"}],"version-history":[{"count":21,"href":"https:\/\/lesateliersdecybelleetcydark.fr\/wp\/wp-json\/wp\/v2\/pages\/2897\/revisions"}],"predecessor-version":[{"id":4566,"href":"https:\/\/lesateliersdecybelleetcydark.fr\/wp\/wp-json\/wp\/v2\/pages\/2897\/revisions\/4566"}],"wp:attachment":[{"href":"https:\/\/lesateliersdecybelleetcydark.fr\/wp\/wp-json\/wp\/v2\/media?parent=2897"}],"curies":[{"name":"wp","href":"https:\/\/api.w.org\/{rel}","templated":true}]}}