{"id":2560,"date":"2021-11-17T18:17:43","date_gmt":"2021-11-17T18:17:43","guid":{"rendered":"https:\/\/lesateliersdecybelleetcydark.fr\/wp\/?page_id=2560"},"modified":"2024-03-22T11:15:56","modified_gmt":"2024-03-22T11:15:56","slug":"ia-pdbsg0018-serviedenn-gwenn-duo-bandenn-lin-enek","status":"publish","type":"page","link":"https:\/\/lesateliersdecybelleetcydark.fr\/wp\/ia-pdbsg0018-serviedenn-gwenn-duo-bandenn-lin-enek\/","title":{"rendered":"Serviedenn Gwenn Duo Bandenn Lin-Enek"},"content":{"rendered":"\n<div class=\"wp-block-jetpack-layout-grid alignfull column1-desktop-grid__span-6 column1-desktop-grid__row-1 column2-desktop-grid__span-6 column2-desktop-grid__start-7 column2-desktop-grid__row-1 column1-tablet-grid__span-4 column1-tablet-grid__row-1 column2-tablet-grid__span-4 column2-tablet-grid__start-5 column2-tablet-grid__row-1 column1-mobile-grid__span-4 column1-mobile-grid__row-1 column2-mobile-grid__span-4 column2-mobile-grid__row-2 wp-block-jetpack-layout-gutter__huge\">\n<div class=\"wp-block-jetpack-layout-grid-column wp-block-jetpack-layout-grid__padding-none is-vertically-aligned-center\">\n<div class=\"wp-block-jetpack-tiled-gallery aligncenter is-style-rectangular has-rounded-corners-12\"><div class=\"tiled-gallery__gallery\"><div class=\"tiled-gallery__row\"><div class=\"tiled-gallery__col\" style=\"flex-basis:53.58966%\"><figure class=\"tiled-gallery__item\"><a href=\"https:\/\/lesateliersdecybelleetcydark.fr\/wp\/wp-content\/uploads\/2021\/11\/Serviedenn-Serviedenn-Gwenn-Duo-Bandenn-Lin-Enek-685x1024.jpg\"><img decoding=\"async\" srcset=\"https:\/\/i2.wp.com\/lesateliersdecybelleetcydark.fr\/wp\/wp-content\/uploads\/2021\/11\/Serviedenn-Serviedenn-Gwenn-Duo-Bandenn-Lin-Enek-685x1024.jpg?strip=info&#038;w=600&#038;ssl=1 600w,https:\/\/i2.wp.com\/lesateliersdecybelleetcydark.fr\/wp\/wp-content\/uploads\/2021\/11\/Serviedenn-Serviedenn-Gwenn-Duo-Bandenn-Lin-Enek-685x1024.jpg?strip=info&#038;w=900&#038;ssl=1 900w,https:\/\/i2.wp.com\/lesateliersdecybelleetcydark.fr\/wp\/wp-content\/uploads\/2021\/11\/Serviedenn-Serviedenn-Gwenn-Duo-Bandenn-Lin-Enek-685x1024.jpg?strip=info&#038;w=1200&#038;ssl=1 1200w,https:\/\/i2.wp.com\/lesateliersdecybelleetcydark.fr\/wp\/wp-content\/uploads\/2021\/11\/Serviedenn-Serviedenn-Gwenn-Duo-Bandenn-Lin-Enek-685x1024.jpg?strip=info&#038;w=1500&#038;ssl=1 1500w,https:\/\/i2.wp.com\/lesateliersdecybelleetcydark.fr\/wp\/wp-content\/uploads\/2021\/11\/Serviedenn-Serviedenn-Gwenn-Duo-Bandenn-Lin-Enek-685x1024.jpg?strip=info&#038;w=1712&#038;ssl=1 1712w\" alt=\"\" data-height=\"2560\" data-id=\"2595\" data-link=\"https:\/\/lesateliersdecybelleetcydark.fr\/wp\/serviedenn-serviedenn-gwenn-duo-bandenn-lin-enek\/\" data-url=\"https:\/\/lesateliersdecybelleetcydark.fr\/wp\/wp-content\/uploads\/2021\/11\/Serviedenn-Serviedenn-Gwenn-Duo-Bandenn-Lin-Enek-685x1024.jpg\" data-width=\"1712\" src=\"https:\/\/i2.wp.com\/lesateliersdecybelleetcydark.fr\/wp\/wp-content\/uploads\/2021\/11\/Serviedenn-Serviedenn-Gwenn-Duo-Bandenn-Lin-Enek-685x1024.jpg?ssl=1\" data-amp-layout=\"responsive\"\/><\/a><\/figure><\/div><div class=\"tiled-gallery__col\" style=\"flex-basis:46.41034%\"><figure class=\"tiled-gallery__item\"><a href=\"https:\/\/lesateliersdecybelleetcydark.fr\/wp\/wp-content\/uploads\/2021\/11\/Serviedenn-Gwenn-Duo-Bandenn-Lin-Enek-Depliee-1024x724.jpg\"><img decoding=\"async\" srcset=\"https:\/\/i0.wp.com\/lesateliersdecybelleetcydark.fr\/wp\/wp-content\/uploads\/2021\/11\/Serviedenn-Gwenn-Duo-Bandenn-Lin-Enek-Depliee-1024x724.jpg?strip=info&#038;w=600&#038;ssl=1 600w,https:\/\/i0.wp.com\/lesateliersdecybelleetcydark.fr\/wp\/wp-content\/uploads\/2021\/11\/Serviedenn-Gwenn-Duo-Bandenn-Lin-Enek-Depliee-1024x724.jpg?strip=info&#038;w=900&#038;ssl=1 900w,https:\/\/i0.wp.com\/lesateliersdecybelleetcydark.fr\/wp\/wp-content\/uploads\/2021\/11\/Serviedenn-Gwenn-Duo-Bandenn-Lin-Enek-Depliee-1024x724.jpg?strip=info&#038;w=1200&#038;ssl=1 1200w,https:\/\/i0.wp.com\/lesateliersdecybelleetcydark.fr\/wp\/wp-content\/uploads\/2021\/11\/Serviedenn-Gwenn-Duo-Bandenn-Lin-Enek-Depliee-1024x724.jpg?strip=info&#038;w=1500&#038;ssl=1 1500w,https:\/\/i0.wp.com\/lesateliersdecybelleetcydark.fr\/wp\/wp-content\/uploads\/2021\/11\/Serviedenn-Gwenn-Duo-Bandenn-Lin-Enek-Depliee-1024x724.jpg?strip=info&#038;w=1800&#038;ssl=1 1800w,https:\/\/i0.wp.com\/lesateliersdecybelleetcydark.fr\/wp\/wp-content\/uploads\/2021\/11\/Serviedenn-Gwenn-Duo-Bandenn-Lin-Enek-Depliee-1024x724.jpg?strip=info&#038;w=2000&#038;ssl=1 2000w\" alt=\"\" data-height=\"1810\" data-id=\"2798\" data-link=\"https:\/\/lesateliersdecybelleetcydark.fr\/wp\/serviedenn-gwenn-duo-bandenn-lin-enek-depliee\/\" data-url=\"https:\/\/lesateliersdecybelleetcydark.fr\/wp\/wp-content\/uploads\/2021\/11\/Serviedenn-Gwenn-Duo-Bandenn-Lin-Enek-Depliee-1024x724.jpg\" data-width=\"2560\" src=\"https:\/\/i0.wp.com\/lesateliersdecybelleetcydark.fr\/wp\/wp-content\/uploads\/2021\/11\/Serviedenn-Gwenn-Duo-Bandenn-Lin-Enek-Depliee-1024x724.jpg?ssl=1\" data-amp-layout=\"responsive\"\/><\/a><\/figure><figure class=\"tiled-gallery__item\"><a href=\"https:\/\/lesateliersdecybelleetcydark.fr\/wp\/wp-content\/uploads\/2021\/11\/Serviedenn-Gwenn-Duo-Bandenn-Lin-Enek-pliee-1024x1024.jpg\"><img decoding=\"async\" srcset=\"https:\/\/i1.wp.com\/lesateliersdecybelleetcydark.fr\/wp\/wp-content\/uploads\/2021\/11\/Serviedenn-Gwenn-Duo-Bandenn-Lin-Enek-pliee-1024x1024.jpg?strip=info&#038;w=600&#038;ssl=1 600w,https:\/\/i1.wp.com\/lesateliersdecybelleetcydark.fr\/wp\/wp-content\/uploads\/2021\/11\/Serviedenn-Gwenn-Duo-Bandenn-Lin-Enek-pliee-1024x1024.jpg?strip=info&#038;w=900&#038;ssl=1 900w,https:\/\/i1.wp.com\/lesateliersdecybelleetcydark.fr\/wp\/wp-content\/uploads\/2021\/11\/Serviedenn-Gwenn-Duo-Bandenn-Lin-Enek-pliee-1024x1024.jpg?strip=info&#038;w=1200&#038;ssl=1 1200w,https:\/\/i1.wp.com\/lesateliersdecybelleetcydark.fr\/wp\/wp-content\/uploads\/2021\/11\/Serviedenn-Gwenn-Duo-Bandenn-Lin-Enek-pliee-1024x1024.jpg?strip=info&#038;w=1500&#038;ssl=1 1500w,https:\/\/i1.wp.com\/lesateliersdecybelleetcydark.fr\/wp\/wp-content\/uploads\/2021\/11\/Serviedenn-Gwenn-Duo-Bandenn-Lin-Enek-pliee-1024x1024.jpg?strip=info&#038;w=1800&#038;ssl=1 1800w,https:\/\/i1.wp.com\/lesateliersdecybelleetcydark.fr\/wp\/wp-content\/uploads\/2021\/11\/Serviedenn-Gwenn-Duo-Bandenn-Lin-Enek-pliee-1024x1024.jpg?strip=info&#038;w=2000&#038;ssl=1 2000w\" alt=\"\" data-height=\"2560\" data-id=\"2799\" data-link=\"https:\/\/lesateliersdecybelleetcydark.fr\/wp\/serviedenn-gwenn-duo-bandenn-lin-enek-pliee\/\" data-url=\"https:\/\/lesateliersdecybelleetcydark.fr\/wp\/wp-content\/uploads\/2021\/11\/Serviedenn-Gwenn-Duo-Bandenn-Lin-Enek-pliee-1024x1024.jpg\" data-width=\"2560\" src=\"https:\/\/i1.wp.com\/lesateliersdecybelleetcydark.fr\/wp\/wp-content\/uploads\/2021\/11\/Serviedenn-Gwenn-Duo-Bandenn-Lin-Enek-pliee-1024x1024.jpg?ssl=1\" data-amp-layout=\"responsive\"\/><\/a><\/figure><\/div><\/div><\/div><\/div>\n<\/div>\n\n\n\n<div class=\"wp-block-jetpack-layout-grid-column wp-block-jetpack-layout-grid__padding-none\">\n<div class=\"wp-block-columns is-layout-flex wp-container-core-columns-is-layout-28f84493 wp-block-columns-is-layout-flex\">\n<div class=\"wp-block-column is-layout-flow wp-block-column-is-layout-flow\" style=\"flex-basis:100%\">\n<h2 class=\"wp-block-heading has-text-align-center has-large-font-size\"><span style=\"text-decoration: underline;\">Serviette de bain &#8211; Serviedenn Gwenn Duo Bandenn Lin-Enek<\/span><br>25 \u20ac<\/h2>\n\n\n\n<p style=\"font-size:14px\">Optez pour la petite <strong>serviette de bain Serviedenn Gwenn Duo Bandenn Lin-Enek<\/strong>, une serviette qui vous s\u00e9duira pour sa <strong>douceur<\/strong> et son <strong>\u00e9l\u00e9gance<\/strong>.<br><br><span style=\"text-decoration: underline;\">Description produit<\/span>:<br>Dimension de la serviette : 50\/75cm.<br>Tissu \u00e9ponge cr\u00e8me, 100% coton.<br>Serviette d\u00e9cor\u00e9e d&rsquo;un tissu 100% lin, motif ethnique. <br><br><span style=\"text-decoration: underline;\">Entretien<\/span> : Lavage \u00e0 40\u00b0C, s\u00e8che linge \u00e0 faible temp\u00e9rature, repassage doux, ne pas utiliser un agent blanchissant.    <\/p>\n<\/div>\n<\/div>\n\n\n\n<div class=\"wp-block-buttons is-layout-flex wp-block-buttons-is-layout-flex\">\n<div class=\"wp-block-button has-custom-width wp-block-button__width-100 is-style-fill\"><a class=\"wp-block-button__link has-background-color has-foreground-background-color has-text-color has-background wp-element-button\" href=\"https:\/\/lesateliersdecybelleetcydark.fr\/wp\/?page_id=3203\">  Ajouter \u00e0 mon Panier <\/a><\/div>\n<\/div>\n<\/div>\n<\/div>\n\n\n\n<div style=\"height:100px\" aria-hidden=\"true\" class=\"wp-block-spacer\"><\/div>\n\n\n\n<div class=\"wp-block-cover alignfull is-light has-parallax\" style=\"min-height:171px;aspect-ratio:unset;\"><span aria-hidden=\"true\" class=\"wp-block-cover__background has-foreground-background-color has-background-dim\"><\/span><div role=\"img\" class=\"wp-block-cover__image-background wp-image-2630 has-parallax\" style=\"background-position:50% 50%;background-image:url(https:\/\/lesateliersdecybelleetcydark.fr\/wp\/wp-content\/uploads\/2021\/11\/Les-serviettes-et-gants-de-toilette-scaled.jpg)\"><\/div><div class=\"wp-block-cover__inner-container is-layout-flow wp-block-cover-is-layout-flow\">\n<p class=\"has-text-align-center has-huge-font-size\"><strong><em><span style=\"text-decoration: underline;\">Gamme Lin-Enek<\/span><\/em><\/strong><\/p>\n<\/div><\/div>\n\n\n\n<div style=\"height:100px\" aria-hidden=\"true\" class=\"wp-block-spacer\"><\/div>\n\n\n\n<h2 class=\"wp-block-heading has-text-align-center\">Vous aimerez aussi :<\/h2>\n\n\n\n<div class=\"wp-block-jetpack-layout-grid alignfull column1-desktop-grid__span-4 column1-desktop-grid__row-1 column2-desktop-grid__span-4 column2-desktop-grid__start-5 column2-desktop-grid__row-1 column3-desktop-grid__span-4 column3-desktop-grid__start-9 column3-desktop-grid__row-1 column1-tablet-grid__span-4 column1-tablet-grid__row-1 column2-tablet-grid__span-4 column2-tablet-grid__start-5 column2-tablet-grid__row-1 column3-tablet-grid__span-8 column3-tablet-grid__row-2 column1-mobile-grid__span-4 column1-mobile-grid__row-1 column2-mobile-grid__span-4 column2-mobile-grid__row-2 column3-mobile-grid__span-4 column3-mobile-grid__row-3\">\n<div class=\"wp-block-jetpack-layout-grid-column wp-block-jetpack-layout-grid__padding-none\"><a class=\"iheg-wrapper\" href=\"https:\/\/lesateliersdecybelleetcydark.fr\/wp\/?page_id=2559\"  rel=\"nofollow\"><div class=\"eihe-box eihe-shutter-out-horiz\" style=\"background: rgba(0,0,0,0.4);border-radius:0px 0px 0px 0px;\"><img decoding=\"async\" src=\"https:\/\/lesateliersdecybelleetcydark.fr\/wp\/wp-content\/uploads\/2021\/11\/Serviedenn-Gwenn-Lin-Enek-scaled.jpg\" alt=\"\"\/><div class=\"eihe-caption\" style=\"background: rgba(0,0,0,0.4);\"><div class=\"eihe-title-cover\"><h3 style=\"font-family: Tangerine;font-size: 55px;line-height: 55px;\" class=\"eihe-title\">Serviedenn<br>Gwenn Lin-Enek<\/h3>\t<\/div><p style=\"font-family: Tangerine;font-size: 70px;line-height: 15px;\"><br>30 \u20ac<\/p><\/div><\/div><\/a><\/div>\n\n\n\n<div class=\"wp-block-jetpack-layout-grid-column wp-block-jetpack-layout-grid__padding-none\"><a class=\"iheg-wrapper\" href=\"https:\/\/lesateliersdecybelleetcydark.fr\/wp\/?page_id=2564\"  rel=\"nofollow\"><div class=\"eihe-box eihe-fade\" style=\"background: rgba(0,0,0,0.4);border-radius:0px 0px 0px 0px;\"><img decoding=\"async\" src=\"https:\/\/lesateliersdecybelleetcydark.fr\/wp\/wp-content\/uploads\/2021\/11\/Maneg-Gwenn-Bandenn-Lin-Enek-scaled.jpg\" alt=\"\"\/><div class=\"eihe-caption\" style=\"background: rgba(0,0,0,0.4);\"><div class=\"eihe-title-cover\"><h3 style=\"font-family: Tangerine;font-size: 55px;line-height: 55px;\" class=\"eihe-title\">Maneg<br>Gwenn<br>Bandenn Lin-Enek<\/h3>\t<\/div><p style=\"font-family: Tangerine;font-size: 70px;line-height: 15px;\"><br>10 \u20ac<\/p><\/div><\/div><\/a>\n\n\n<div style=\"height:56px\" aria-hidden=\"true\" class=\"wp-block-spacer\"><\/div>\n\n\n<a class=\"iheg-wrapper\" href=\"https:\/\/lesateliersdecybelleetcydark.fr\/wp\/?page_id=2565\"  ><div class=\"eihe-box eihe-fade\" style=\"background: rgba(0,0,0,0.5);border-radius:0px 0px 0px 0px;\"><img decoding=\"async\" src=\"https:\/\/lesateliersdecybelleetcydark.fr\/wp\/wp-content\/uploads\/2021\/11\/Maneg-Gwenn-Lin-Enek-scaled.jpg\" alt=\"\"\/><div class=\"eihe-caption\" style=\"background: rgba(0,0,0,0.5);\"><div class=\"eihe-title-cover\"><h3 style=\"font-family: Tangerine;font-size: 55px;line-height: 55px;\" class=\"eihe-title\">Maneg Gwenn<br>Lin-Enek<\/h3>\t<\/div><p style=\"font-family: Tangerine;font-size: 70px;line-height: 15px;\">10 \u20ac<\/p><\/div><\/div><\/a><\/div>\n\n\n\n<div class=\"wp-block-jetpack-layout-grid-column wp-block-jetpack-layout-grid__padding-none\"><a class=\"iheg-wrapper\" href=\"https:\/\/lesateliersdecybelleetcydark.fr\/wp\/?page_id=2558\"  rel=\"nofollow\"><div class=\"eihe-box eihe-shutter-out-horiz\" style=\"background: rgba(0,0,0,0.4);border-radius:0px 0px 0px 0px;\"><img decoding=\"async\" src=\"https:\/\/lesateliersdecybelleetcydark.fr\/wp\/wp-content\/uploads\/2021\/11\/Serviedenn-Gwenn-Trichorn-Lin-Enek-scaled.jpg\" alt=\"\"\/><div class=\"eihe-caption\" style=\"background: rgba(0,0,0,0.4);\"><div class=\"eihe-title-cover\"><h3 style=\"font-family: Tangerine;font-size: 55px;line-height: 55px;\" class=\"eihe-title\">Serviedenn Gwenn Tric&rsquo;horn<br>Lin-Enek<\/h3>\t<\/div><p style=\"font-family: Tangerine;font-size: 70px;line-height: 15px;\"><br> 35 \u20ac<\/p><\/div><\/div><\/a>\n\n\n<p><\/p>\n<\/div>\n<\/div>\n\n\n\n<p><\/p>\n","protected":false},"excerpt":{"rendered":"<p>Serviette de bain &#8211; Serviedenn Gwenn Duo Bandenn Lin-Enek25 \u20ac Optez pour la petite serviette de bain Serviedenn Gwenn Duo Bandenn Lin-Enek, une serviette qui vous s\u00e9duira pour sa douceur et son \u00e9l\u00e9gance. Description produit:Dimension de la serviette : 50\/75cm.Tissu \u00e9ponge cr\u00e8me, 100% coton.Serviette d\u00e9cor\u00e9e d&rsquo;un tissu 100% lin, motif ethnique. Entretien : Lavage \u00e0 40\u00b0C, s\u00e8che linge \u00e0 faible temp\u00e9rature, repassage doux, ne pas utiliser un agent blanchissant. Vous aimerez aussi :<\/p>\n","protected":false},"author":1,"featured_media":0,"parent":0,"menu_order":0,"comment_status":"closed","ping_status":"closed","template":"","meta":{"_monsterinsights_skip_tracking":false,"_monsterinsights_sitenote_active":false,"_monsterinsights_sitenote_note":"","_monsterinsights_sitenote_category":0,"footnotes":""},"class_list":["post-2560","page","type-page","status-publish","hentry"],"yoast_head":"<!-- This site is optimized with the Yoast SEO plugin v27.5 - https:\/\/yoast.com\/product\/yoast-seo-wordpress\/ -->\n<title>Serviedenn Gwenn Duo Bandenn Lin-Enek -<\/title>\n<meta name=\"robots\" content=\"index, follow, max-snippet:-1, max-image-preview:large, max-video-preview:-1\" \/>\n<link rel=\"canonical\" href=\"https:\/\/lesateliersdecybelleetcydark.fr\/wp\/ia-pdbsg0018-serviedenn-gwenn-duo-bandenn-lin-enek\/\" \/>\n<meta property=\"og:locale\" content=\"fr_FR\" \/>\n<meta property=\"og:type\" content=\"article\" \/>\n<meta property=\"og:title\" content=\"Serviedenn Gwenn Duo Bandenn Lin-Enek -\" \/>\n<meta property=\"og:description\" content=\"Serviette de bain &#8211; Serviedenn Gwenn Duo Bandenn Lin-Enek25 \u20ac Optez pour la petite serviette de bain Serviedenn Gwenn Duo Bandenn Lin-Enek, une serviette qui vous s\u00e9duira pour sa douceur et son \u00e9l\u00e9gance. Description produit:Dimension de la serviette : 50\/75cm.Tissu \u00e9ponge cr\u00e8me, 100% coton.Serviette d\u00e9cor\u00e9e d&rsquo;un tissu 100% lin, motif ethnique. Entretien : Lavage \u00e0 40\u00b0C, s\u00e8che linge \u00e0 faible temp\u00e9rature, repassage doux, ne pas utiliser un agent blanchissant. Vous aimerez aussi :\" \/>\n<meta property=\"og:url\" content=\"https:\/\/lesateliersdecybelleetcydark.fr\/wp\/ia-pdbsg0018-serviedenn-gwenn-duo-bandenn-lin-enek\/\" \/>\n<meta property=\"article:modified_time\" content=\"2024-03-22T11:15:56+00:00\" \/>\n<meta property=\"og:image\" content=\"https:\/\/i2.wp.com\/lesateliersdecybelleetcydark.fr\/wp\/wp-content\/uploads\/2021\/11\/Serviedenn-Serviedenn-Gwenn-Duo-Bandenn-Lin-Enek-685x1024.jpg?ssl=1\" \/>\n<meta name=\"twitter:card\" content=\"summary_large_image\" \/>\n<meta name=\"twitter:label1\" content=\"Dur\u00e9e de lecture estim\u00e9e\" \/>\n\t<meta name=\"twitter:data1\" content=\"2 minutes\" \/>\n<script type=\"application\/ld+json\" class=\"yoast-schema-graph\">{\"@context\":\"https:\\\/\\\/schema.org\",\"@graph\":[{\"@type\":\"WebPage\",\"@id\":\"https:\\\/\\\/lesateliersdecybelleetcydark.fr\\\/wp\\\/ia-pdbsg0018-serviedenn-gwenn-duo-bandenn-lin-enek\\\/\",\"url\":\"https:\\\/\\\/lesateliersdecybelleetcydark.fr\\\/wp\\\/ia-pdbsg0018-serviedenn-gwenn-duo-bandenn-lin-enek\\\/\",\"name\":\"Serviedenn Gwenn Duo Bandenn Lin-Enek -\",\"isPartOf\":{\"@id\":\"https:\\\/\\\/lesateliersdecybelleetcydark.fr\\\/wp\\\/#website\"},\"primaryImageOfPage\":{\"@id\":\"https:\\\/\\\/lesateliersdecybelleetcydark.fr\\\/wp\\\/ia-pdbsg0018-serviedenn-gwenn-duo-bandenn-lin-enek\\\/#primaryimage\"},\"image\":{\"@id\":\"https:\\\/\\\/lesateliersdecybelleetcydark.fr\\\/wp\\\/ia-pdbsg0018-serviedenn-gwenn-duo-bandenn-lin-enek\\\/#primaryimage\"},\"thumbnailUrl\":\"https:\\\/\\\/i2.wp.com\\\/lesateliersdecybelleetcydark.fr\\\/wp\\\/wp-content\\\/uploads\\\/2021\\\/11\\\/Serviedenn-Serviedenn-Gwenn-Duo-Bandenn-Lin-Enek-685x1024.jpg?ssl=1\",\"datePublished\":\"2021-11-17T18:17:43+00:00\",\"dateModified\":\"2024-03-22T11:15:56+00:00\",\"breadcrumb\":{\"@id\":\"https:\\\/\\\/lesateliersdecybelleetcydark.fr\\\/wp\\\/ia-pdbsg0018-serviedenn-gwenn-duo-bandenn-lin-enek\\\/#breadcrumb\"},\"inLanguage\":\"fr-FR\",\"potentialAction\":[{\"@type\":\"ReadAction\",\"target\":[\"https:\\\/\\\/lesateliersdecybelleetcydark.fr\\\/wp\\\/ia-pdbsg0018-serviedenn-gwenn-duo-bandenn-lin-enek\\\/\"]}]},{\"@type\":\"ImageObject\",\"inLanguage\":\"fr-FR\",\"@id\":\"https:\\\/\\\/lesateliersdecybelleetcydark.fr\\\/wp\\\/ia-pdbsg0018-serviedenn-gwenn-duo-bandenn-lin-enek\\\/#primaryimage\",\"url\":\"https:\\\/\\\/i2.wp.com\\\/lesateliersdecybelleetcydark.fr\\\/wp\\\/wp-content\\\/uploads\\\/2021\\\/11\\\/Serviedenn-Serviedenn-Gwenn-Duo-Bandenn-Lin-Enek-685x1024.jpg?ssl=1\",\"contentUrl\":\"https:\\\/\\\/i2.wp.com\\\/lesateliersdecybelleetcydark.fr\\\/wp\\\/wp-content\\\/uploads\\\/2021\\\/11\\\/Serviedenn-Serviedenn-Gwenn-Duo-Bandenn-Lin-Enek-685x1024.jpg?ssl=1\"},{\"@type\":\"BreadcrumbList\",\"@id\":\"https:\\\/\\\/lesateliersdecybelleetcydark.fr\\\/wp\\\/ia-pdbsg0018-serviedenn-gwenn-duo-bandenn-lin-enek\\\/#breadcrumb\",\"itemListElement\":[{\"@type\":\"ListItem\",\"position\":1,\"name\":\"Accueil\",\"item\":\"https:\\\/\\\/lesateliersdecybelleetcydark.fr\\\/wp\\\/\"},{\"@type\":\"ListItem\",\"position\":2,\"name\":\"Serviedenn Gwenn Duo Bandenn Lin-Enek\"}]},{\"@type\":\"WebSite\",\"@id\":\"https:\\\/\\\/lesateliersdecybelleetcydark.fr\\\/wp\\\/#website\",\"url\":\"https:\\\/\\\/lesateliersdecybelleetcydark.fr\\\/wp\\\/\",\"name\":\"\",\"description\":\"Confection et cr\u00e9ation Ameublement et Habillement. Retrouvez nos collections !\",\"potentialAction\":[{\"@type\":\"SearchAction\",\"target\":{\"@type\":\"EntryPoint\",\"urlTemplate\":\"https:\\\/\\\/lesateliersdecybelleetcydark.fr\\\/wp\\\/?s={search_term_string}\"},\"query-input\":{\"@type\":\"PropertyValueSpecification\",\"valueRequired\":true,\"valueName\":\"search_term_string\"}}],\"inLanguage\":\"fr-FR\"}]}<\/script>\n<!-- \/ Yoast SEO plugin. -->","yoast_head_json":{"title":"Serviedenn Gwenn Duo Bandenn Lin-Enek -","robots":{"index":"index","follow":"follow","max-snippet":"max-snippet:-1","max-image-preview":"max-image-preview:large","max-video-preview":"max-video-preview:-1"},"canonical":"https:\/\/lesateliersdecybelleetcydark.fr\/wp\/ia-pdbsg0018-serviedenn-gwenn-duo-bandenn-lin-enek\/","og_locale":"fr_FR","og_type":"article","og_title":"Serviedenn Gwenn Duo Bandenn Lin-Enek -","og_description":"Serviette de bain &#8211; Serviedenn Gwenn Duo Bandenn Lin-Enek25 \u20ac Optez pour la petite serviette de bain Serviedenn Gwenn Duo Bandenn Lin-Enek, une serviette qui vous s\u00e9duira pour sa douceur et son \u00e9l\u00e9gance. Description produit:Dimension de la serviette : 50\/75cm.Tissu \u00e9ponge cr\u00e8me, 100% coton.Serviette d\u00e9cor\u00e9e d&rsquo;un tissu 100% lin, motif ethnique. Entretien : Lavage \u00e0 40\u00b0C, s\u00e8che linge \u00e0 faible temp\u00e9rature, repassage doux, ne pas utiliser un agent blanchissant. Vous aimerez aussi :","og_url":"https:\/\/lesateliersdecybelleetcydark.fr\/wp\/ia-pdbsg0018-serviedenn-gwenn-duo-bandenn-lin-enek\/","article_modified_time":"2024-03-22T11:15:56+00:00","og_image":[{"url":"https:\/\/i2.wp.com\/lesateliersdecybelleetcydark.fr\/wp\/wp-content\/uploads\/2021\/11\/Serviedenn-Serviedenn-Gwenn-Duo-Bandenn-Lin-Enek-685x1024.jpg?ssl=1","type":"","width":"","height":""}],"twitter_card":"summary_large_image","twitter_misc":{"Dur\u00e9e de lecture estim\u00e9e":"2 minutes"},"schema":{"@context":"https:\/\/schema.org","@graph":[{"@type":"WebPage","@id":"https:\/\/lesateliersdecybelleetcydark.fr\/wp\/ia-pdbsg0018-serviedenn-gwenn-duo-bandenn-lin-enek\/","url":"https:\/\/lesateliersdecybelleetcydark.fr\/wp\/ia-pdbsg0018-serviedenn-gwenn-duo-bandenn-lin-enek\/","name":"Serviedenn Gwenn Duo Bandenn Lin-Enek -","isPartOf":{"@id":"https:\/\/lesateliersdecybelleetcydark.fr\/wp\/#website"},"primaryImageOfPage":{"@id":"https:\/\/lesateliersdecybelleetcydark.fr\/wp\/ia-pdbsg0018-serviedenn-gwenn-duo-bandenn-lin-enek\/#primaryimage"},"image":{"@id":"https:\/\/lesateliersdecybelleetcydark.fr\/wp\/ia-pdbsg0018-serviedenn-gwenn-duo-bandenn-lin-enek\/#primaryimage"},"thumbnailUrl":"https:\/\/i2.wp.com\/lesateliersdecybelleetcydark.fr\/wp\/wp-content\/uploads\/2021\/11\/Serviedenn-Serviedenn-Gwenn-Duo-Bandenn-Lin-Enek-685x1024.jpg?ssl=1","datePublished":"2021-11-17T18:17:43+00:00","dateModified":"2024-03-22T11:15:56+00:00","breadcrumb":{"@id":"https:\/\/lesateliersdecybelleetcydark.fr\/wp\/ia-pdbsg0018-serviedenn-gwenn-duo-bandenn-lin-enek\/#breadcrumb"},"inLanguage":"fr-FR","potentialAction":[{"@type":"ReadAction","target":["https:\/\/lesateliersdecybelleetcydark.fr\/wp\/ia-pdbsg0018-serviedenn-gwenn-duo-bandenn-lin-enek\/"]}]},{"@type":"ImageObject","inLanguage":"fr-FR","@id":"https:\/\/lesateliersdecybelleetcydark.fr\/wp\/ia-pdbsg0018-serviedenn-gwenn-duo-bandenn-lin-enek\/#primaryimage","url":"https:\/\/i2.wp.com\/lesateliersdecybelleetcydark.fr\/wp\/wp-content\/uploads\/2021\/11\/Serviedenn-Serviedenn-Gwenn-Duo-Bandenn-Lin-Enek-685x1024.jpg?ssl=1","contentUrl":"https:\/\/i2.wp.com\/lesateliersdecybelleetcydark.fr\/wp\/wp-content\/uploads\/2021\/11\/Serviedenn-Serviedenn-Gwenn-Duo-Bandenn-Lin-Enek-685x1024.jpg?ssl=1"},{"@type":"BreadcrumbList","@id":"https:\/\/lesateliersdecybelleetcydark.fr\/wp\/ia-pdbsg0018-serviedenn-gwenn-duo-bandenn-lin-enek\/#breadcrumb","itemListElement":[{"@type":"ListItem","position":1,"name":"Accueil","item":"https:\/\/lesateliersdecybelleetcydark.fr\/wp\/"},{"@type":"ListItem","position":2,"name":"Serviedenn Gwenn Duo Bandenn Lin-Enek"}]},{"@type":"WebSite","@id":"https:\/\/lesateliersdecybelleetcydark.fr\/wp\/#website","url":"https:\/\/lesateliersdecybelleetcydark.fr\/wp\/","name":"","description":"Confection et cr\u00e9ation Ameublement et Habillement. Retrouvez nos collections !","potentialAction":[{"@type":"SearchAction","target":{"@type":"EntryPoint","urlTemplate":"https:\/\/lesateliersdecybelleetcydark.fr\/wp\/?s={search_term_string}"},"query-input":{"@type":"PropertyValueSpecification","valueRequired":true,"valueName":"search_term_string"}}],"inLanguage":"fr-FR"}]}},"jetpack_sharing_enabled":true,"_links":{"self":[{"href":"https:\/\/lesateliersdecybelleetcydark.fr\/wp\/wp-json\/wp\/v2\/pages\/2560","targetHints":{"allow":["GET"]}}],"collection":[{"href":"https:\/\/lesateliersdecybelleetcydark.fr\/wp\/wp-json\/wp\/v2\/pages"}],"about":[{"href":"https:\/\/lesateliersdecybelleetcydark.fr\/wp\/wp-json\/wp\/v2\/types\/page"}],"author":[{"embeddable":true,"href":"https:\/\/lesateliersdecybelleetcydark.fr\/wp\/wp-json\/wp\/v2\/users\/1"}],"replies":[{"embeddable":true,"href":"https:\/\/lesateliersdecybelleetcydark.fr\/wp\/wp-json\/wp\/v2\/comments?post=2560"}],"version-history":[{"count":23,"href":"https:\/\/lesateliersdecybelleetcydark.fr\/wp\/wp-json\/wp\/v2\/pages\/2560\/revisions"}],"predecessor-version":[{"id":4589,"href":"https:\/\/lesateliersdecybelleetcydark.fr\/wp\/wp-json\/wp\/v2\/pages\/2560\/revisions\/4589"}],"wp:attachment":[{"href":"https:\/\/lesateliersdecybelleetcydark.fr\/wp\/wp-json\/wp\/v2\/media?parent=2560"}],"curies":[{"name":"wp","href":"https:\/\/api.w.org\/{rel}","templated":true}]}}